{"id":8506,"date":"2020-04-29T15:45:26","date_gmt":"2020-04-29T13:45:26","guid":{"rendered":"https:\/\/estrategiamarketing.digital\/politica-de-privadesa\/"},"modified":"2025-04-30T10:17:52","modified_gmt":"2025-04-30T08:17:52","slug":"politica-de-privadesa","status":"publish","type":"page","link":"https:\/\/estrategiamarketing.digital\/ca\/politica-de-privadesa\/","title":{"rendered":"Pol\u00edtica de privadesa"},"content":{"rendered":"<div class=\"wpb-content-wrapper\"><p>[vc_row][vc_column]<div class=\"eut-empty-space eut-height-1x\" style=\"\"><\/div>[vc_column_text]<span style=\"font-weight: 400;\">El responsable del tractament de les dades recollides a trav\u00e9s del lloc web<\/span> <a href=\"https:\/\/estrategiamarketing.digital\/ca\/\"><span style=\"font-weight: 400;\">https:\/\/estrategiamarketing.digital<\/span><\/a> <span style=\"font-weight: 400;\">(d&#8217;ara endavant, el Lloc Web) \u00e9s Eric Onidi, NIE X2227256M, amb domicili a Passeig Sagrera 16-26, porta E7, 08960 Sant Just Desvern \u2013 Barcelona \u2013 Espanya (d&#8217;ara endavant<\/span><\/p>\n<p><span style=\"font-weight: 400;\">Per a qualsevol pregunta pots posar-te en contacte amb nosaltres enviant un mail a<\/span> <span style=\"font-weight: 400;\">eric@estrategiamarketing.digital<\/span><\/p>\n<p><span style=\"font-weight: 400;\">Als efectes del que disposa el Reglament (UE) 2016\/679 del Parlament Europeu i del Consell de 27 d&#8217;abril de 2016, ens comprometem a assegurar que la teva informaci\u00f3 personal estigui protegida i no s&#8217;utilitzi de manera indeguda.<\/span><\/p>\n<p><b>FINALITAT DEL TRACTAMENT DE DADES PERSONALS<\/b><\/p>\n<p><span style=\"font-weight: 400;\">Es recol\u00b7lecten dades personals a trav\u00e9s del Lloc Web amb les finalitats seg\u00fcents:<\/span><\/p>\n<ol>\n<li style=\"font-weight: 400;\"><span style=\"font-weight: 400;\">Enviar-te la informaci\u00f3 sol\u00b7licitada a trav\u00e9s dels formularis de contacte a la web<\/span><\/li>\n<li style=\"font-weight: 400;\"><span style=\"font-weight: 400;\">Atendre i gestionar adequadament la prestaci\u00f3 dels serveis contractats.<\/span><\/li>\n<li style=\"font-weight: 400;\"><span style=\"font-weight: 400;\">Enviar butlletins d&#8217;informaci\u00f3 (newsletter), notificacions o comunicaci\u00f3 comercial sobre productes o serveis del Lloc Web, o sobre m\u00e0rqueting digital en general<\/span><\/li>\n<li style=\"font-weight: 400;\"><span style=\"font-weight: 400;\">Realitzar perfils i analitzar el comportament dels usuaris del Lloc Web<\/span><\/li>\n<\/ol>\n<p><b>CONSERVACI\u00d3 DE LES DADES PERSONALS<\/b><\/p>\n<p><span style=\"font-weight: 400;\">\u00danicament tractarem les dades personals que resultin necess\u00e0ries per a una adequada prestaci\u00f3 dels serveis contractats o sol\u00b7licitats (registre a la newsletter, notificacions).  <\/span><\/p>\n<p><span style=\"font-weight: 400;\">Les dades personals proporcionades es conservaran mentre es mantingui la relaci\u00f3 mercantil i\/o contractual, aix\u00ed com durant el temps en qu\u00e8, d&#8217;acord amb els terminis legals de prescripci\u00f3, es pugui exigir algun tipus de responsabilitat derivada de la relaci\u00f3 jur\u00eddica i\/o comercial esmentada, sens perjudici que exerceixes el dret de supressi\u00f3, cancel\u00b7laci\u00f3 i\/o limitaci\u00f3 del tractament de les teves dades. En aquests casos, mantindrem la informaci\u00f3 degudament bloquejada, sense donar-ne cap \u00fas, mentre pugui ser necess\u00e0ria per a l&#8217;exercici o defensa de reclamacions o pugui derivar-se algun tipus de responsabilitat judicial, legal o contractual del seu tractament, que hagi de ser atesa i per a aix\u00f2 sigui necess\u00e0ria la seva recuperaci\u00f3. <\/span><\/p>\n<p><b>LEGITIMACI\u00d3<\/b><\/p>\n<p><span style=\"font-weight: 400;\">El tractament de les teves dades personals es realitza sobre la base de legitimaci\u00f3 seg\u00fcent:<\/span><\/p>\n<ol>\n<li style=\"font-weight: 400;\"><span style=\"font-weight: 400;\">La sol\u00b7licitud d&#8217;informaci\u00f3 sobre serveis de consultoria, formaci\u00f3 i acompanyament oferts al Lloc Web o el registre a la newsletter, fan refer\u00e8ncia a la pol\u00edtica de privadesa amb un enlla\u00e7 a la mateixa<\/span><\/li>\n<li style=\"font-weight: 400;\"><span style=\"font-weight: 400;\">S&#8217;obt\u00e9 el teu consentiment lliure, espec\u00edfic, informat i inequ\u00edvoc mitjan\u00e7ant una clara acci\u00f3 afirmativa, en acceptar la pol\u00edtica de privadesa marcant\/clicant la casella disposada a aquest efecte.<\/span><\/li>\n<\/ol>\n<p><b>DESTINATARIS<\/b><\/p>\n<p><span style=\"font-weight: 400;\">Mitjan\u00e7ant l&#8217;acceptaci\u00f3 de la pol\u00edtica de privadesa, consents expressament la cessi\u00f3 o comunicaci\u00f3 de les teves dades a les empreses amb qu\u00e8 treballem en el cas que la prestaci\u00f3 de serveis contractada ho exigeixi: per exemple serveis d&#8217;auditoria o serveis relacionats amb la tecnologia de la informaci\u00f3 (emmagatzematge i processament de la informaci\u00f3, etc.) En tot cas, aquestes empreses \u00fanicament tindran acc\u00e9s a la informaci\u00f3. Se&#8217;ls exigeix \u200b\u200bque mantinguin en confidencialitat la teva informaci\u00f3 personal i no la poden utilitzar de cap altra manera que aquella que els hem sol\u00b7licitat. <\/span><\/p>\n<p><span style=\"font-weight: 400;\">T&#8217;informem que les teves dades personals no es comunicaran a cap altre tercer, excepte obligaci\u00f3 legal.  <\/span><\/p>\n<p><span style=\"font-weight: 400;\">Com a encarregats del tractament de les teves dades personals, tenim contractat els prove\u00efdors de serveis seg\u00fcents, compromesos en el moment de la seva contractaci\u00f3 amb el compliment de les lleis i normatives relatives a la protecci\u00f3 de dades:<\/span><\/p>\n<ul>\n<li style=\"font-weight: 400;\"><span style=\"font-weight: 400;\">1&amp;1 IONOS Espa\u00f1a SLU amb domicili a Avenida de la Vega, 1 \u2013 Edifici Veganova (Edif.3 planta 5o porta C) 28108 Alcobendas (Madrid) Espanya, amb NIF B85049435, que proporciona l&#8217;allotjament del Lloc Web als seus servidors. La pol\u00edtica de privadesa de 1&amp;1 IONOS es pot consultar aqu\u00ed: <\/span><a href=\"https:\/\/www.ionos.es\/terms-gtc\/terms-privacy\/\"> <span style=\"font-weight: 400;\">https:\/\/www.ionos.es\/terms-gtc\/terms-privacy\/<\/span><\/a><\/li>\n<\/ul>\n<p><b>DRETS<\/b><\/p>\n<p><span style=\"font-weight: 400;\">En haver-nos proporcionat les teves dades personals, tens una s\u00e8rie de drets que et reconeix la normativa vigent sobre protecci\u00f3 de dades:<\/span><\/p>\n<ol>\n<li style=\"font-weight: 400;\"><span style=\"font-weight: 400;\">Dret d&#8217;ACC\u00c9S a les vostres dades personals<\/span><\/li>\n<li style=\"font-weight: 400;\"><span style=\"font-weight: 400;\">Dret per sol\u00b7licitar la RECTIFICACI\u00d3 de les dades inexactes<\/span><\/li>\n<li style=\"font-weight: 400;\"><span style=\"font-weight: 400;\">Dret de sol\u00b7licitar la SUPRESSI\u00d3 de les dades personals quan, entre altres motius, les dades ja no siguin necess\u00e0ries per als fins que van ser recollides.<\/span><\/li>\n<li style=\"font-weight: 400;\"><span style=\"font-weight: 400;\">Dret a sol\u00b7licitar la LIMITACI\u00d3 DEL TRACTAMENT de les teves dades, en determinades circumst\u00e0ncies. En aquest cas \u00fanicament conservarem les vostres dades personals per a l&#8217;exercici o la defensa de reclamacions <\/span><\/li>\n<li style=\"font-weight: 400;\"><span style=\"font-weight: 400;\">Dret d&#8217;OPOSICI\u00d3 al tractament de les vostres dades, en determinades circumst\u00e0ncies i per motius relacionats amb una situaci\u00f3 particular. En aquest cas deixarem de tractar les teves dades i nom\u00e9s conservarem les teves dades personals per a l&#8217;exercici o la defensa de reclamacions, o per motius leg\u00edtims imperiosos <\/span><\/li>\n<li style=\"font-weight: 400;\"><span style=\"font-weight: 400;\">Dret de PORTABILITAT de les dades, en determinades circumst\u00e0ncies i per motius relacionats amb una situaci\u00f3 particular<\/span><\/li>\n<\/ol>\n<p><span style=\"font-weight: 400;\">Podr\u00e0s exercir aquests drets remetent un correu electr\u00f2nic amb justificant de recepci\u00f3 amb la teva sol\u00b7licitud a l&#8217;adre\u00e7a<\/span> <span style=\"font-weight: 400;\">eric@estrategiamarketing.digital<\/span><\/p>\n<p><span style=\"font-weight: 400;\">Podeu oposar-vos a l&#8217;enviament de comunicacions comercials per qualsevol via i en qualsevol moment, remetent un correu electr\u00f2nic a l&#8217;adre\u00e7a de correu electr\u00f2nic indicada anteriorment.<\/span><\/p>\n<p><span style=\"font-weight: 400;\">A m\u00e9s, en cas que s&#8217;hagi vulnerat qualsevol dels teus drets, tens dret a presentar una reclamaci\u00f3 davant de l&#8217;Ag\u00e8ncia Espanyola de Protecci\u00f3 de Dades (AEPD), al c\/ Jorge Juan, 6, 28001-Madrid oa trav\u00e9s de la seu electr\u00f2nica de l&#8217;AEPD:<\/span> <a href=\"https:\/\/sedeagpd.gob.es\/sede-electronica-web\/\"><span style=\"font-weight: 400;\">https:\/\/sedeagpd.gob.es\/sede-electronica-web\/<\/span><\/a><span style=\"font-weight: 400;\"> <\/span><\/p>\n<p><a href=\"https:\/\/buy.stripe.com\/00g4gOdf40axe7CeUX\">Donaci\u00f3<\/a>[\/vc_column_text]<div class=\"eut-empty-space eut-height-1x\" style=\"\"><\/div>[\/vc_column][\/vc_row][vc_row][vc_column][vc_raw_html]W3RydXN0aW5kZXggbm8tcmVnaXN0cmF0aW9uPSJnb29nbGUiXQ==[\/vc_raw_html][\/vc_column][\/vc_row]<\/p>\n<\/div>","protected":false},"excerpt":{"rendered":"<p>[vc_row][vc_column][vc_column_text]El responsable del tractament de les dades recollides a trav\u00e9s del lloc web https:\/\/estrategiamarketing.digital (d&#8217;ara endavant, el Lloc Web) \u00e9s Eric Onidi, NIE X2227256M, amb domicili a Passeig Sagrera 16-26, porta E7, 08960 Sant Just Desvern \u2013 Barcelona \u2013 Espanya (d&#8217;ara endavant Per a qualsevol pregunta pots posar-te en contacte amb nosaltres enviant un mail [&hellip;]<\/p>\n","protected":false},"author":3,"featured_media":0,"parent":0,"menu_order":0,"comment_status":"closed","ping_status":"open","template":"","meta":{"_joinchat":[],"footnotes":""},"class_list":["post-8506","page","type-page","status-publish","hentry"],"yoast_head":"<!-- This site is optimized with the Yoast SEO plugin v27.4 - https:\/\/yoast.com\/product\/yoast-seo-wordpress\/ -->\n<title>Pol\u00edtica de privadesa d&#039;EMD<\/title>\n<meta name=\"description\" content=\"Pol\u00edtica de privadesa d&#039;EMD - Estrat\u00e8gia de M\u00e0rqueting Digital - Consultoria i formaci\u00f3\" \/>\n<meta name=\"robots\" content=\"index, follow, max-snippet:-1, max-image-preview:large, max-video-preview:-1\" \/>\n<link rel=\"canonical\" href=\"https:\/\/estrategiamarketing.digital\/ca\/politica-de-privadesa\/\" \/>\n<meta property=\"og:locale\" content=\"ca_ES\" \/>\n<meta property=\"og:type\" content=\"article\" \/>\n<meta property=\"og:title\" content=\"Pol\u00edtica de privadesa d&#039;EMD\" \/>\n<meta property=\"og:description\" content=\"Pol\u00edtica de privadesa d&#039;EMD - Estrat\u00e8gia de M\u00e0rqueting Digital - Consultoria i formaci\u00f3\" \/>\n<meta property=\"og:url\" content=\"https:\/\/estrategiamarketing.digital\/ca\/politica-de-privadesa\/\" \/>\n<meta property=\"og:site_name\" content=\"EMD - Estrategia de Marketing Digital\" \/>\n<meta property=\"article:modified_time\" content=\"2025-04-30T08:17:52+00:00\" \/>\n<meta name=\"twitter:card\" content=\"summary_large_image\" \/>\n<meta name=\"twitter:label1\" content=\"Temps estimat de lectura\" \/>\n\t<meta name=\"twitter:data1\" content=\"5 minuts\" \/>\n<script type=\"application\/ld+json\" class=\"yoast-schema-graph\">{\"@context\":\"https:\\\/\\\/schema.org\",\"@graph\":[{\"@type\":\"WebPage\",\"@id\":\"https:\\\/\\\/estrategiamarketing.digital\\\/ca\\\/politica-de-privadesa\\\/\",\"url\":\"https:\\\/\\\/estrategiamarketing.digital\\\/ca\\\/politica-de-privadesa\\\/\",\"name\":\"Pol\u00edtica de privadesa d'EMD\",\"isPartOf\":{\"@id\":\"https:\\\/\\\/estrategiamarketing.digital\\\/ca\\\/#website\"},\"datePublished\":\"2020-04-29T13:45:26+00:00\",\"dateModified\":\"2025-04-30T08:17:52+00:00\",\"description\":\"Pol\u00edtica de privadesa d'EMD - Estrat\u00e8gia de M\u00e0rqueting Digital - Consultoria i formaci\u00f3\",\"breadcrumb\":{\"@id\":\"https:\\\/\\\/estrategiamarketing.digital\\\/ca\\\/politica-de-privadesa\\\/#breadcrumb\"},\"inLanguage\":\"ca\",\"potentialAction\":[{\"@type\":\"ReadAction\",\"target\":[\"https:\\\/\\\/estrategiamarketing.digital\\\/ca\\\/politica-de-privadesa\\\/\"]}]},{\"@type\":\"BreadcrumbList\",\"@id\":\"https:\\\/\\\/estrategiamarketing.digital\\\/ca\\\/politica-de-privadesa\\\/#breadcrumb\",\"itemListElement\":[{\"@type\":\"ListItem\",\"position\":1,\"name\":\"Portada\",\"item\":\"https:\\\/\\\/estrategiamarketing.digital\\\/ca\\\/inici\\\/\"},{\"@type\":\"ListItem\",\"position\":2,\"name\":\"Pol\u00edtica de privadesa\"}]},{\"@type\":\"WebSite\",\"@id\":\"https:\\\/\\\/estrategiamarketing.digital\\\/ca\\\/#website\",\"url\":\"https:\\\/\\\/estrategiamarketing.digital\\\/ca\\\/\",\"name\":\"EMD - Estrategia de Marketing Digital\",\"description\":\"Agencia - consultoria en marketing digital\",\"publisher\":{\"@id\":\"https:\\\/\\\/estrategiamarketing.digital\\\/ca\\\/#organization\"},\"alternateName\":\"EMD\",\"potentialAction\":[{\"@type\":\"SearchAction\",\"target\":{\"@type\":\"EntryPoint\",\"urlTemplate\":\"https:\\\/\\\/estrategiamarketing.digital\\\/ca\\\/?s={search_term_string}\"},\"query-input\":{\"@type\":\"PropertyValueSpecification\",\"valueRequired\":true,\"valueName\":\"search_term_string\"}}],\"inLanguage\":\"ca\"},{\"@type\":\"Organization\",\"@id\":\"https:\\\/\\\/estrategiamarketing.digital\\\/ca\\\/#organization\",\"name\":\"EMD\",\"url\":\"https:\\\/\\\/estrategiamarketing.digital\\\/ca\\\/\",\"logo\":{\"@type\":\"ImageObject\",\"inLanguage\":\"ca\",\"@id\":\"https:\\\/\\\/estrategiamarketing.digital\\\/ca\\\/#\\\/schema\\\/logo\\\/image\\\/\",\"url\":\"https:\\\/\\\/estrategiamarketing.digital\\\/wp-content\\\/uploads\\\/2020\\\/08\\\/isologo-EMD-circulo.png\",\"contentUrl\":\"https:\\\/\\\/estrategiamarketing.digital\\\/wp-content\\\/uploads\\\/2020\\\/08\\\/isologo-EMD-circulo.png\",\"width\":600,\"height\":600,\"caption\":\"EMD\"},\"image\":{\"@id\":\"https:\\\/\\\/estrategiamarketing.digital\\\/ca\\\/#\\\/schema\\\/logo\\\/image\\\/\"},\"sameAs\":[\"https:\\\/\\\/www.instagram.com\\\/emd_marketing_\\\/\",\"https:\\\/\\\/www.linkedin.com\\\/company\\\/emd-estrategia-de-marketing-digital\\\/\",\"https:\\\/\\\/www.youtube.com\\\/channel\\\/UC97GH4Y2URvuVyWYqSMkxWA\"]}]}<\/script>\n<!-- \/ Yoast SEO plugin. -->","yoast_head_json":{"title":"Pol\u00edtica de privadesa d'EMD","description":"Pol\u00edtica de privadesa d'EMD - Estrat\u00e8gia de M\u00e0rqueting Digital - Consultoria i formaci\u00f3","robots":{"index":"index","follow":"follow","max-snippet":"max-snippet:-1","max-image-preview":"max-image-preview:large","max-video-preview":"max-video-preview:-1"},"canonical":"https:\/\/estrategiamarketing.digital\/ca\/politica-de-privadesa\/","og_locale":"ca_ES","og_type":"article","og_title":"Pol\u00edtica de privadesa d'EMD","og_description":"Pol\u00edtica de privadesa d'EMD - Estrat\u00e8gia de M\u00e0rqueting Digital - Consultoria i formaci\u00f3","og_url":"https:\/\/estrategiamarketing.digital\/ca\/politica-de-privadesa\/","og_site_name":"EMD - Estrategia de Marketing Digital","article_modified_time":"2025-04-30T08:17:52+00:00","twitter_card":"summary_large_image","twitter_misc":{"Temps estimat de lectura":"5 minuts"},"schema":{"@context":"https:\/\/schema.org","@graph":[{"@type":"WebPage","@id":"https:\/\/estrategiamarketing.digital\/ca\/politica-de-privadesa\/","url":"https:\/\/estrategiamarketing.digital\/ca\/politica-de-privadesa\/","name":"Pol\u00edtica de privadesa d'EMD","isPartOf":{"@id":"https:\/\/estrategiamarketing.digital\/ca\/#website"},"datePublished":"2020-04-29T13:45:26+00:00","dateModified":"2025-04-30T08:17:52+00:00","description":"Pol\u00edtica de privadesa d'EMD - Estrat\u00e8gia de M\u00e0rqueting Digital - Consultoria i formaci\u00f3","breadcrumb":{"@id":"https:\/\/estrategiamarketing.digital\/ca\/politica-de-privadesa\/#breadcrumb"},"inLanguage":"ca","potentialAction":[{"@type":"ReadAction","target":["https:\/\/estrategiamarketing.digital\/ca\/politica-de-privadesa\/"]}]},{"@type":"BreadcrumbList","@id":"https:\/\/estrategiamarketing.digital\/ca\/politica-de-privadesa\/#breadcrumb","itemListElement":[{"@type":"ListItem","position":1,"name":"Portada","item":"https:\/\/estrategiamarketing.digital\/ca\/inici\/"},{"@type":"ListItem","position":2,"name":"Pol\u00edtica de privadesa"}]},{"@type":"WebSite","@id":"https:\/\/estrategiamarketing.digital\/ca\/#website","url":"https:\/\/estrategiamarketing.digital\/ca\/","name":"EMD - Estrategia de Marketing Digital","description":"Agencia - consultoria en marketing digital","publisher":{"@id":"https:\/\/estrategiamarketing.digital\/ca\/#organization"},"alternateName":"EMD","potentialAction":[{"@type":"SearchAction","target":{"@type":"EntryPoint","urlTemplate":"https:\/\/estrategiamarketing.digital\/ca\/?s={search_term_string}"},"query-input":{"@type":"PropertyValueSpecification","valueRequired":true,"valueName":"search_term_string"}}],"inLanguage":"ca"},{"@type":"Organization","@id":"https:\/\/estrategiamarketing.digital\/ca\/#organization","name":"EMD","url":"https:\/\/estrategiamarketing.digital\/ca\/","logo":{"@type":"ImageObject","inLanguage":"ca","@id":"https:\/\/estrategiamarketing.digital\/ca\/#\/schema\/logo\/image\/","url":"https:\/\/estrategiamarketing.digital\/wp-content\/uploads\/2020\/08\/isologo-EMD-circulo.png","contentUrl":"https:\/\/estrategiamarketing.digital\/wp-content\/uploads\/2020\/08\/isologo-EMD-circulo.png","width":600,"height":600,"caption":"EMD"},"image":{"@id":"https:\/\/estrategiamarketing.digital\/ca\/#\/schema\/logo\/image\/"},"sameAs":["https:\/\/www.instagram.com\/emd_marketing_\/","https:\/\/www.linkedin.com\/company\/emd-estrategia-de-marketing-digital\/","https:\/\/www.youtube.com\/channel\/UC97GH4Y2URvuVyWYqSMkxWA"]}]}},"_links":{"self":[{"href":"https:\/\/estrategiamarketing.digital\/ca\/wp-json\/wp\/v2\/pages\/8506","targetHints":{"allow":["GET"]}}],"collection":[{"href":"https:\/\/estrategiamarketing.digital\/ca\/wp-json\/wp\/v2\/pages"}],"about":[{"href":"https:\/\/estrategiamarketing.digital\/ca\/wp-json\/wp\/v2\/types\/page"}],"author":[{"embeddable":true,"href":"https:\/\/estrategiamarketing.digital\/ca\/wp-json\/wp\/v2\/users\/3"}],"replies":[{"embeddable":true,"href":"https:\/\/estrategiamarketing.digital\/ca\/wp-json\/wp\/v2\/comments?post=8506"}],"version-history":[{"count":0,"href":"https:\/\/estrategiamarketing.digital\/ca\/wp-json\/wp\/v2\/pages\/8506\/revisions"}],"wp:attachment":[{"href":"https:\/\/estrategiamarketing.digital\/ca\/wp-json\/wp\/v2\/media?parent=8506"}],"curies":[{"name":"wp","href":"https:\/\/api.w.org\/{rel}","templated":true}]}}