{"id":8518,"date":"2020-05-14T16:51:17","date_gmt":"2020-05-14T14:51:17","guid":{"rendered":"https:\/\/estrategiamarketing.digital\/politica-de-cookies\/"},"modified":"2025-09-17T14:37:47","modified_gmt":"2025-09-17T12:37:47","slug":"politica-de-cookies","status":"publish","type":"page","link":"https:\/\/estrategiamarketing.digital\/ca\/politica-de-cookies\/","title":{"rendered":"Pol\u00edtica de cookies"},"content":{"rendered":"<div class=\"wpb-content-wrapper\"><p>[vc_row][vc_column][vc_raw_html]PHA+PHNjcmlwdCBpZD0iQ29va2llRGVjbGFyYXRpb24iIHNyYz0iaHR0cHM6Ly9jb25zZW50LmNvb2tpZWJvdC5jb20vNTYyMGJhZGEtNzZjOS00YWE0LTg5NzctNjFiZTY3ZWEyYWIyL2NkLmpzIiB0eXBlPSJ0ZXh0L2phdmFzY3JpcHQiIGFzeW5jPSIiPjwvc2NyaXB0PjwvcD4=[\/vc_raw_html][\/vc_column][\/vc_row]<\/p>\n<\/div>","protected":false},"excerpt":{"rendered":"<p>[vc_row][vc_column][vc_raw_html]PHA+PHNjcmlwdCBpZD0iQ29va2llRGVjbGFyYXRpb24iIHNyYz0iaHR0cHM6Ly9jb25zZW50LmNvb2tpZWJvdC5jb20vNTYyMGJhZGEtNzZjOS00YWE0LTg5NzctNjFiZTY3ZWEyYWIyL2NkLmpzIiB0eXBlPSJ0ZXh0L2phdmFzY3JpcHQiIGFzeW5jPSIiPjwvc2NyaXB0PjwvcD4=[\/vc_raw_html][\/vc_column][\/vc_row]<\/p>\n","protected":false},"author":3,"featured_media":0,"parent":0,"menu_order":0,"comment_status":"closed","ping_status":"open","template":"","meta":{"_joinchat":[],"footnotes":""},"class_list":["post-8518","page","type-page","status-publish","hentry"],"yoast_head":"<!-- This site is optimized with the Yoast SEO plugin v27.3 - https:\/\/yoast.com\/product\/yoast-seo-wordpress\/ -->\n<title>Pol\u00edtica de galetes d&#039;EMD<\/title>\n<meta name=\"description\" content=\"Pol\u00edtica de cookies d&#039;EMD - Estrat\u00e8gia de M\u00e0rqueting Digital - Consultoria i formaci\u00f3\" \/>\n<meta name=\"robots\" content=\"index, follow, max-snippet:-1, max-image-preview:large, max-video-preview:-1\" \/>\n<link rel=\"canonical\" href=\"https:\/\/estrategiamarketing.digital\/ca\/politica-de-cookies\/\" \/>\n<meta property=\"og:locale\" content=\"ca_ES\" \/>\n<meta property=\"og:type\" content=\"article\" \/>\n<meta property=\"og:title\" content=\"Pol\u00edtica de galetes d&#039;EMD\" \/>\n<meta property=\"og:description\" content=\"Pol\u00edtica de cookies d&#039;EMD - Estrat\u00e8gia de M\u00e0rqueting Digital - Consultoria i formaci\u00f3\" \/>\n<meta property=\"og:url\" content=\"https:\/\/estrategiamarketing.digital\/ca\/politica-de-cookies\/\" \/>\n<meta property=\"og:site_name\" content=\"EMD - Estrategia de Marketing Digital\" \/>\n<meta property=\"article:modified_time\" content=\"2025-09-17T12:37:47+00:00\" \/>\n<meta name=\"twitter:card\" content=\"summary_large_image\" \/>\n<script type=\"application\/ld+json\" class=\"yoast-schema-graph\">{\"@context\":\"https:\\\/\\\/schema.org\",\"@graph\":[{\"@type\":\"WebPage\",\"@id\":\"https:\\\/\\\/estrategiamarketing.digital\\\/ca\\\/politica-de-cookies\\\/\",\"url\":\"https:\\\/\\\/estrategiamarketing.digital\\\/ca\\\/politica-de-cookies\\\/\",\"name\":\"Pol\u00edtica de galetes d'EMD\",\"isPartOf\":{\"@id\":\"https:\\\/\\\/estrategiamarketing.digital\\\/ca\\\/#website\"},\"datePublished\":\"2020-05-14T14:51:17+00:00\",\"dateModified\":\"2025-09-17T12:37:47+00:00\",\"description\":\"Pol\u00edtica de cookies d'EMD - Estrat\u00e8gia de M\u00e0rqueting Digital - Consultoria i formaci\u00f3\",\"breadcrumb\":{\"@id\":\"https:\\\/\\\/estrategiamarketing.digital\\\/ca\\\/politica-de-cookies\\\/#breadcrumb\"},\"inLanguage\":\"ca\",\"potentialAction\":[{\"@type\":\"ReadAction\",\"target\":[\"https:\\\/\\\/estrategiamarketing.digital\\\/ca\\\/politica-de-cookies\\\/\"]}]},{\"@type\":\"BreadcrumbList\",\"@id\":\"https:\\\/\\\/estrategiamarketing.digital\\\/ca\\\/politica-de-cookies\\\/#breadcrumb\",\"itemListElement\":[{\"@type\":\"ListItem\",\"position\":1,\"name\":\"Portada\",\"item\":\"https:\\\/\\\/estrategiamarketing.digital\\\/ca\\\/inici\\\/\"},{\"@type\":\"ListItem\",\"position\":2,\"name\":\"Pol\u00edtica de cookies\"}]},{\"@type\":\"WebSite\",\"@id\":\"https:\\\/\\\/estrategiamarketing.digital\\\/ca\\\/#website\",\"url\":\"https:\\\/\\\/estrategiamarketing.digital\\\/ca\\\/\",\"name\":\"EMD - Estrategia de Marketing Digital\",\"description\":\"Agencia - consultoria en marketing digital\",\"publisher\":{\"@id\":\"https:\\\/\\\/estrategiamarketing.digital\\\/ca\\\/#organization\"},\"alternateName\":\"EMD\",\"potentialAction\":[{\"@type\":\"SearchAction\",\"target\":{\"@type\":\"EntryPoint\",\"urlTemplate\":\"https:\\\/\\\/estrategiamarketing.digital\\\/ca\\\/?s={search_term_string}\"},\"query-input\":{\"@type\":\"PropertyValueSpecification\",\"valueRequired\":true,\"valueName\":\"search_term_string\"}}],\"inLanguage\":\"ca\"},{\"@type\":\"Organization\",\"@id\":\"https:\\\/\\\/estrategiamarketing.digital\\\/ca\\\/#organization\",\"name\":\"EMD\",\"url\":\"https:\\\/\\\/estrategiamarketing.digital\\\/ca\\\/\",\"logo\":{\"@type\":\"ImageObject\",\"inLanguage\":\"ca\",\"@id\":\"https:\\\/\\\/estrategiamarketing.digital\\\/ca\\\/#\\\/schema\\\/logo\\\/image\\\/\",\"url\":\"https:\\\/\\\/estrategiamarketing.digital\\\/wp-content\\\/uploads\\\/2020\\\/08\\\/isologo-EMD-circulo.png\",\"contentUrl\":\"https:\\\/\\\/estrategiamarketing.digital\\\/wp-content\\\/uploads\\\/2020\\\/08\\\/isologo-EMD-circulo.png\",\"width\":600,\"height\":600,\"caption\":\"EMD\"},\"image\":{\"@id\":\"https:\\\/\\\/estrategiamarketing.digital\\\/ca\\\/#\\\/schema\\\/logo\\\/image\\\/\"},\"sameAs\":[\"https:\\\/\\\/www.instagram.com\\\/emd_marketing_\\\/\",\"https:\\\/\\\/www.linkedin.com\\\/company\\\/emd-estrategia-de-marketing-digital\\\/\",\"https:\\\/\\\/www.youtube.com\\\/channel\\\/UC97GH4Y2URvuVyWYqSMkxWA\"]}]}<\/script>\n<!-- \/ Yoast SEO plugin. -->","yoast_head_json":{"title":"Pol\u00edtica de galetes d'EMD","description":"Pol\u00edtica de cookies d'EMD - Estrat\u00e8gia de M\u00e0rqueting Digital - Consultoria i formaci\u00f3","robots":{"index":"index","follow":"follow","max-snippet":"max-snippet:-1","max-image-preview":"max-image-preview:large","max-video-preview":"max-video-preview:-1"},"canonical":"https:\/\/estrategiamarketing.digital\/ca\/politica-de-cookies\/","og_locale":"ca_ES","og_type":"article","og_title":"Pol\u00edtica de galetes d'EMD","og_description":"Pol\u00edtica de cookies d'EMD - Estrat\u00e8gia de M\u00e0rqueting Digital - Consultoria i formaci\u00f3","og_url":"https:\/\/estrategiamarketing.digital\/ca\/politica-de-cookies\/","og_site_name":"EMD - Estrategia de Marketing Digital","article_modified_time":"2025-09-17T12:37:47+00:00","twitter_card":"summary_large_image","schema":{"@context":"https:\/\/schema.org","@graph":[{"@type":"WebPage","@id":"https:\/\/estrategiamarketing.digital\/ca\/politica-de-cookies\/","url":"https:\/\/estrategiamarketing.digital\/ca\/politica-de-cookies\/","name":"Pol\u00edtica de galetes d'EMD","isPartOf":{"@id":"https:\/\/estrategiamarketing.digital\/ca\/#website"},"datePublished":"2020-05-14T14:51:17+00:00","dateModified":"2025-09-17T12:37:47+00:00","description":"Pol\u00edtica de cookies d'EMD - Estrat\u00e8gia de M\u00e0rqueting Digital - Consultoria i formaci\u00f3","breadcrumb":{"@id":"https:\/\/estrategiamarketing.digital\/ca\/politica-de-cookies\/#breadcrumb"},"inLanguage":"ca","potentialAction":[{"@type":"ReadAction","target":["https:\/\/estrategiamarketing.digital\/ca\/politica-de-cookies\/"]}]},{"@type":"BreadcrumbList","@id":"https:\/\/estrategiamarketing.digital\/ca\/politica-de-cookies\/#breadcrumb","itemListElement":[{"@type":"ListItem","position":1,"name":"Portada","item":"https:\/\/estrategiamarketing.digital\/ca\/inici\/"},{"@type":"ListItem","position":2,"name":"Pol\u00edtica de cookies"}]},{"@type":"WebSite","@id":"https:\/\/estrategiamarketing.digital\/ca\/#website","url":"https:\/\/estrategiamarketing.digital\/ca\/","name":"EMD - Estrategia de Marketing Digital","description":"Agencia - consultoria en marketing digital","publisher":{"@id":"https:\/\/estrategiamarketing.digital\/ca\/#organization"},"alternateName":"EMD","potentialAction":[{"@type":"SearchAction","target":{"@type":"EntryPoint","urlTemplate":"https:\/\/estrategiamarketing.digital\/ca\/?s={search_term_string}"},"query-input":{"@type":"PropertyValueSpecification","valueRequired":true,"valueName":"search_term_string"}}],"inLanguage":"ca"},{"@type":"Organization","@id":"https:\/\/estrategiamarketing.digital\/ca\/#organization","name":"EMD","url":"https:\/\/estrategiamarketing.digital\/ca\/","logo":{"@type":"ImageObject","inLanguage":"ca","@id":"https:\/\/estrategiamarketing.digital\/ca\/#\/schema\/logo\/image\/","url":"https:\/\/estrategiamarketing.digital\/wp-content\/uploads\/2020\/08\/isologo-EMD-circulo.png","contentUrl":"https:\/\/estrategiamarketing.digital\/wp-content\/uploads\/2020\/08\/isologo-EMD-circulo.png","width":600,"height":600,"caption":"EMD"},"image":{"@id":"https:\/\/estrategiamarketing.digital\/ca\/#\/schema\/logo\/image\/"},"sameAs":["https:\/\/www.instagram.com\/emd_marketing_\/","https:\/\/www.linkedin.com\/company\/emd-estrategia-de-marketing-digital\/","https:\/\/www.youtube.com\/channel\/UC97GH4Y2URvuVyWYqSMkxWA"]}]}},"_links":{"self":[{"href":"https:\/\/estrategiamarketing.digital\/ca\/wp-json\/wp\/v2\/pages\/8518","targetHints":{"allow":["GET"]}}],"collection":[{"href":"https:\/\/estrategiamarketing.digital\/ca\/wp-json\/wp\/v2\/pages"}],"about":[{"href":"https:\/\/estrategiamarketing.digital\/ca\/wp-json\/wp\/v2\/types\/page"}],"author":[{"embeddable":true,"href":"https:\/\/estrategiamarketing.digital\/ca\/wp-json\/wp\/v2\/users\/3"}],"replies":[{"embeddable":true,"href":"https:\/\/estrategiamarketing.digital\/ca\/wp-json\/wp\/v2\/comments?post=8518"}],"version-history":[{"count":5,"href":"https:\/\/estrategiamarketing.digital\/ca\/wp-json\/wp\/v2\/pages\/8518\/revisions"}],"predecessor-version":[{"id":9027,"href":"https:\/\/estrategiamarketing.digital\/ca\/wp-json\/wp\/v2\/pages\/8518\/revisions\/9027"}],"wp:attachment":[{"href":"https:\/\/estrategiamarketing.digital\/ca\/wp-json\/wp\/v2\/media?parent=8518"}],"curies":[{"name":"wp","href":"https:\/\/api.w.org\/{rel}","templated":true}]}}