{"id":8537,"date":"2020-05-14T16:54:25","date_gmt":"2020-05-14T14:54:25","guid":{"rendered":"https:\/\/estrategiamarketing.digital\/avis-legal\/"},"modified":"2026-01-23T13:59:25","modified_gmt":"2026-01-23T11:59:25","slug":"avis-legal","status":"publish","type":"page","link":"https:\/\/estrategiamarketing.digital\/ca\/avis-legal\/","title":{"rendered":"Av\u00eds Legal"},"content":{"rendered":"<div class=\"wpb-content-wrapper\"><p>[vc_row][vc_column]<div class=\"eut-empty-space eut-height-1x\" style=\"\"><\/div>[vc_column_text]<b>INTRODUCCI\u00d3<\/b><\/p>\n<p><span style=\"font-weight: 400;\">En aquest av\u00eds legal trobar\u00e0s els termes i condicions legals que defineixen les relacions entre els usuaris (d&#8217;ara endavant, \u201cl&#8217;Usuari\u201d) i el responsable del Lloc Web. Com a Usuari, \u00e9s important que conegueu aquestes condicions generals d&#8217;\u00fas abans de continuar la vostra navegaci\u00f3. <\/span><\/p>\n<p><b>IDENTITAT I TITULARITAT DEL LLOC WEB<\/b><\/p>\n<p><b>Identitat del Responsable:<\/b> <span style=\"font-weight: 400;\">Eric Onidi (d&#8217;ara endavant el \u201cResponsable\u201d)<\/span><\/p>\n<p><b>Nom comercial<\/b> <span style=\"font-weight: 400;\">: EMD<\/span><\/p>\n<p><b>NIE<\/b> <span style=\"font-weight: 400;\">: X2227256M<\/span><\/p>\n<p><b>Adre\u00e7a<\/b> <span style=\"font-weight: 400;\">: Carrer del Nord 49 08950 Esplugues de Llobregat \u2013 Barcelona<\/span> <\/p>\n<p><b>Correu electr\u00f2nic<\/b> <span style=\"font-weight: 400;\">:<\/span> <span style=\"font-weight: 400;\">eric@estrategiamarketing.digital<\/span><\/p>\n<p><b>Tel\u00e8fon:<\/b> <span style=\"font-weight: 400;\">+34 609 87 05 07<\/span><\/p>\n<p><b>Lloc Web<\/b> <span style=\"font-weight: 400;\">:<\/span> <a href=\"https:\/\/estrategiamarketing.digital\/ca\/\"><span style=\"font-weight: 400;\">https:\/\/estrategiamarketing.digital<\/span><\/a> <span style=\"font-weight: 400;\">(d&#8217;ara endavant el Lloc Web)<\/span><\/p>\n<p><span style=\"font-weight: 400;\">Ens comprometem a processar la informaci\u00f3 d&#8217;usuaris i clients complint les normatives i les lleis en vigor:<\/span><\/p>\n<ul>\n<li style=\"font-weight: 400;\"><span style=\"font-weight: 400;\">la Llei Org\u00e0nica 15\/1999, de 13 de desembre, de Protecci\u00f3 de Dades de Car\u00e0cter Personal (LOPD),<\/span><\/li>\n<li style=\"font-weight: 400;\"><span style=\"font-weight: 400;\">el Reial decret 1720\/2007, de 21 de desembre, conegut com el Reglament de desenvolupament de la LOPD,<\/span><\/li>\n<li style=\"font-weight: 400;\"><span style=\"font-weight: 400;\">el Reglament (UE) 2016\/679 del Parlament Europeu i del Consell de 27 d&#8217;abril de 2016 relatiu a la protecci\u00f3 de les persones f\u00edsiques (RGPD),<\/span><\/li>\n<li style=\"font-weight: 400;\"><span style=\"font-weight: 400;\">la Llei 34\/2002, de 11 de juliol, de Serveis de la Societat de la Informaci\u00f3 i Comer\u00e7 Electr\u00f2nic (LSSICE o LSSI).<\/span><\/li>\n<\/ul>\n<p><b>CONDICIONS D&#8217;\u00daS DEL LLOC WEB<\/b><\/p>\n<p><span style=\"font-weight: 400;\">Aquestes condicions tenen per objecte regular l&#8217;\u00fas d&#8217;aquest Lloc Web que EMD posa a disposici\u00f3 del p\u00fablic en aquesta URL (<\/span> <a href=\"https:\/\/estrategiamarketing.digital\/ca\/\"><span style=\"font-weight: 400;\">https:\/\/estrategiamarketing.digital<\/span><\/a> <span style=\"font-weight: 400;\">).<\/span><\/p>\n<p><span style=\"font-weight: 400;\">La utilitzaci\u00f3 del lloc web per un tercer, incloent-hi el mer acc\u00e9s, li atribueix la condici\u00f3 d&#8217;Usuari i suposa l&#8217;acceptaci\u00f3 plena per aquest Usuari, de totes i cadascuna de les condicions que s&#8217;incorporen al present av\u00eds legal.<\/span><\/p>\n<p><span style=\"font-weight: 400;\">L&#8217;Usuari es compromet a utilitzar el Lloc Web, els continguts i serveis de conformitat amb la Llei, aquest av\u00eds legal, els bons costums i l&#8217;ordre p\u00fablic.  <\/span><\/p>\n<p><span style=\"font-weight: 400;\">L&#8217;Usuari s&#8217;obliga a no utilitzar el Lloc Web o els serveis que es prestin a trav\u00e9s d&#8217;ell amb fins o efectes il\u00b7l\u00edcits o contraris al contingut del present av\u00eds legal o que de qualsevol manera pugui danyar, inutilitzar o deteriorar el Lloc Web o els seus serveis, o impedir un gaudi normal del Lloc Web per altres Usuaris.<\/span><\/p>\n<p><span style=\"font-weight: 400;\">Aix\u00ed mateix, l&#8217;Usuari es compromet expressament a no destruir, alterar, inutilitzar o, de qualsevol altra manera, danyar les dades, programes o documents electr\u00f2nics i altres que es trobin al Lloc Web.<\/span><\/p>\n<p><span style=\"font-weight: 400;\">L&#8217;Usuari es compromet a no obstaculitzar l&#8217;acc\u00e9s d&#8217;altres Usuaris al Lloc Web mitjan\u00e7ant el consum massiu dels sistemes i recursos inform\u00e0tics a trav\u00e9s dels quals es presta el servei aix\u00ed com realitzar accions que facin malb\u00e9, interrompin o generin errors en aquests sistemes i recursos.  <\/span><\/p>\n<p><span style=\"font-weight: 400;\">L&#8217;Usuari es compromet a no introduir programes, virus, macros, applets, controls ActiveX o qualsevol altre dispositiu l\u00f2gic o seq\u00fc\u00e8ncia de car\u00e0cters que causin o siguin susceptibles de causar qualsevol tipus d&#8217;alteraci\u00f3 als sistemes inform\u00e0tics que presten el servei d&#8217;acc\u00e9s al Lloc Web.<\/span><\/p>\n<p><span style=\"font-weight: 400;\">En relaci\u00f3 amb els continguts del Lloc Web, es prohibeix:<\/span><\/p>\n<ul>\n<li style=\"font-weight: 400;\"><span style=\"font-weight: 400;\">la seva reproducci\u00f3, distribuci\u00f3 o modificaci\u00f3, total o parcial, llevat que es compti amb lautoritzaci\u00f3 del Responsable com a leg\u00edtim titular<\/span><\/li>\n<li style=\"font-weight: 400;\"><span style=\"font-weight: 400;\">qualsevol vulneraci\u00f3 dels drets del Responsable com a leg\u00edtim titular;<\/span><\/li>\n<li style=\"font-weight: 400;\"><span style=\"font-weight: 400;\">la seva utilitzaci\u00f3 per a fins comercials o publicitaris.<\/span><\/li>\n<\/ul>\n<p><span style=\"font-weight: 400;\">En la utilitzaci\u00f3 del Lloc Web l&#8217;Usuari es compromet a no dur a terme cap conducta que pogu\u00e9s fer malb\u00e9 la imatge, els interessos i els drets d&#8217;EMD, la persona d&#8217;Eric Onidi o de tercers.<\/span><\/p>\n<p><span style=\"font-weight: 400;\">El Responsable no pot garantir la inexist\u00e8ncia de codi malici\u00f3s (malware) o altres elements que puguin produir alteracions en els sistemes inform\u00e0tics (programari i maquinari) de l&#8217;Usuari o en els seus documents electr\u00f2nics i fitxers continguts en aquests malgrat posar tots els mitjans necessaris i les mesures de seguretat oportunes per evitar la pres\u00e8ncia d&#8217;aquests elements nocius.<\/span><\/p>\n<p><b>SEGURETAT I PRIVACITAT<\/b><\/p>\n<p><span style=\"font-weight: 400;\">Les dades personals comunicades per l&#8217;Usuari poden ser emmagatzemades en bases de dades automatitzades o no, la titularitat de les quals correspon en exclusiva al Responsable.<\/span><\/p>\n<p><span style=\"font-weight: 400;\">El Responsable assumeix les mesures d&#8217;\u00edndole t\u00e8cnica, organitzativa i de seguretat que garanteixen la confidencialitat, integritat i qualitat de la informaci\u00f3 continguda a les bases de dades, d&#8217;acord amb la normativa vigent sobre protecci\u00f3 de dades.  <\/span><\/p>\n<p><span style=\"font-weight: 400;\">L&#8217;enviament d&#8217;informaci\u00f3 i dades sensibles per part dels Usuaris es fa a trav\u00e9s d&#8217;un protocol<\/span> <i><span style=\"font-weight: 400;\">https<\/span><\/i> <span style=\"font-weight: 400;\">que xifra la informaci\u00f3 per tal de garantir les millors condicions de seguretat i de confidencialitat.<\/span><\/p>\n<p><span style=\"font-weight: 400;\">L&#8217;Usuari \u00e9s l&#8217;\u00fanic responsable de la veracitat i la correcci\u00f3 de les dades que remet a EMD. L&#8217;Usuari garanteix i respon, en qualsevol cas, de l&#8217;exactitud, vig\u00e8ncia i autenticitat de les dades personals facilitades, i es compromet a mantenir-les degudament actualitzades. L&#8217;usuari accepta proporcionar informaci\u00f3 completa i correcta al formulari de contacte o de subscripci\u00f3.  <\/span><\/p>\n<p><span style=\"font-weight: 400;\">En aquest enlla\u00e7 podr\u00e0s llegir tota la informaci\u00f3 sobre la<\/span> <span style=\"font-weight: 400;\">pol\u00edtica de privadesa<\/span><\/p>\n<p><b>PROPIETAT INTEL\u00b7LECTUAL I INDUSTRIAL<\/b><\/p>\n<p><span style=\"font-weight: 400;\">En virtut del que disposen els articles 8 i 32.1, par\u00e0graf segon, de la Llei de propietat intel\u00b7lectual, queden expressament prohibides la reproducci\u00f3, la distribuci\u00f3 i la comunicaci\u00f3 p\u00fablica, inclosa la seva modalitat de posada a disposici\u00f3, de la totalitat o part dels continguts d&#8217;aquest Lloc Web, amb fins comercials, en qualsevol suport i per qualsevol mitj\u00e0 t\u00e8cnic, sense l&#8217;autoritzaci\u00f3 del Respon.  <\/span><\/p>\n<p><span style=\"font-weight: 400;\">Tots els continguts del Lloc Web, tret que s&#8217;indiqui el contrari, s\u00f3n titularitat exclusiva del Responsable del Lloc Web. S&#8217;inclou, amb car\u00e0cter enunciatiu que no limitatiu, el disseny gr\u00e0fic, codi font, logos, textos, gr\u00e0fics, il\u00b7lustracions, fotografies, v\u00eddeos i altres elements que apareixen al Lloc Web. Igualment, tots els noms comercials, marques o signes distintius de qualsevol classe de continguts al Lloc Web estan protegits per la Llei. L&#8217;usuari es compromet a respectar els drets de propietat intel\u00b7lectual i industrial del responsable.   <\/span><\/p>\n<p><span style=\"font-weight: 400;\">En cas que un Usuari consideri que s&#8217;ha produ\u00eft una violaci\u00f3 dels seus leg\u00edtims drets de propietat intel\u00b7lectual per la introducci\u00f3 d&#8217;un determinat contingut al Lloc Web, haur\u00e0 de notificar aquesta circumst\u00e0ncia per mail (<\/span> <span style=\"font-weight: 400;\">eric@estrategiamarketing.digital<\/span> <span style=\"font-weight: 400;\">) indicant:<\/span><\/p>\n<ul>\n<li style=\"font-weight: 400;\"><span style=\"font-weight: 400;\">  les dades personals de l&#8217;interessat titular dels drets presumptament infringits,  <\/span><\/li>\n<li style=\"font-weight: 400;\"><span style=\"font-weight: 400;\">eventualment la representaci\u00f3 amb qu\u00e8 actua en cas que la reclamaci\u00f3 estigui presentada per un tercer diferent de linteressat.<\/span><\/li>\n<li style=\"font-weight: 400;\"><span style=\"font-weight: 400;\">els continguts protegits pels drets de propietat intel\u00b7lectual i la seva ubicaci\u00f3 a la web<\/span><\/li>\n<li style=\"font-weight: 400;\"><span style=\"font-weight: 400;\">l&#8217;acreditaci\u00f3 dels drets de propietat intel\u00b7lectual assenyalats i declaraci\u00f3 expressa en qu\u00e8 l&#8217;interessat es responsabilitza de la veracitat de les informacions facilitades a la notificaci\u00f3.<\/span><\/li>\n<\/ul>\n<p><b>RESPONSABILITAT<\/b><\/p>\n<p><span style=\"font-weight: 400;\">El Responsable no atorga cap garantia ni es fa responsable, en cap cas, dels danys i perjudicis de qualsevol naturalesa que poguessin procedir de:<\/span><\/p>\n<ul>\n<li style=\"font-weight: 400;\"><span style=\"font-weight: 400;\">la manca de disponibilitat, manteniment i efectiu funcionament de la web, o dels seus serveis i continguts<\/span><\/li>\n<li style=\"font-weight: 400;\"><span style=\"font-weight: 400;\">l&#8217;exist\u00e8ncia de codi malici\u00f3s, programes maliciosos o lesius en els continguts<\/span><\/li>\n<li style=\"font-weight: 400;\"><span style=\"font-weight: 400;\">l&#8217;\u00fas il\u00b7l\u00edcit, negligent, fraudulent o contrari a aquest av\u00eds legal<\/span><\/li>\n<li style=\"font-weight: 400;\"><span style=\"font-weight: 400;\">la manca de licitud, qualitat, fiabilitat, utilitat i disponibilitat dels serveis prestats per tercers i posats a disposici\u00f3 de l&#8217;Usuari al Lloc Web<\/span><\/li>\n<li style=\"font-weight: 400;\"><span style=\"font-weight: 400;\">l&#8217;\u00fas il\u00b7legal o indegut del present Lloc Web<\/span><\/li>\n<\/ul>\n<p><b>ENLLA\u00c7OS EXTERNS<\/b><\/p>\n<p><span style=\"font-weight: 400;\">La informaci\u00f3 que trobareu al Lloc Web pot incloure enlla\u00e7os a llocs d&#8217;Internet externs per a millor conveni\u00e8ncia i informaci\u00f3 de l&#8217;Usuari Quan un Usuari fa clic en un enlla\u00e7 d&#8217;un lloc d&#8217;Internet extern, sortir\u00e0 del Lloc Web i estar\u00e0 subjecte a les limitacions de privadesa i les regles imposades pels propietaris i\/o patrocinadors d&#8217;aquest lloc d&#8217;Internet. <\/span><\/p>\n<p><span style=\"font-weight: 400;\">El Responsable declina qualsevol responsabilitat respecte a la informaci\u00f3 que estigui fora del Lloc Web, ja que la funci\u00f3 dels enlla\u00e7os que apareixen \u00e9s \u00fanicament informar l&#8217;Usuari sobre l&#8217;exist\u00e8ncia d&#8217;altres fonts d&#8217;informaci\u00f3 sobre un tema en concret.<\/span><\/p>\n<p><span style=\"font-weight: 400;\">El Responsable no controla ni garanteix la veracitat, rellev\u00e0ncia, regularitat o exactitud de la informaci\u00f3 continguda als llocs dInternet dels quals sinclouen enlla\u00e7os.<\/span><\/p>\n<p><span style=\"font-weight: 400;\">El Responsable no pot autoritzar l\u00fas de materials amb dret dautor que es trobin en els llocs dInternet enlla\u00e7ats. L&#8217;usuari haur\u00e0 d&#8217;obtenir aquesta autoritzaci\u00f3 per mitj\u00e0 dels responsables de la mateixa. <\/span><\/p>\n<p><b>LEGISLACI\u00d3 APLICABLE I COMPET\u00c8NCIA JURISDICCIONAL<\/b><\/p>\n<p><span style=\"font-weight: 400;\">Totes les controv\u00e8rsies o reclamacions sorgides de la interpretaci\u00f3 o execuci\u00f3 del present av\u00eds legal es regeixen per la legislaci\u00f3 espanyola, i se sotmetran a la jurisdicci\u00f3 dels jutjats i tribunals corresponents.<\/span>[\/vc_column_text]<div class=\"eut-empty-space eut-height-1x\" style=\"\"><\/div>[\/vc_column][\/vc_row]<\/p>\n<\/div>","protected":false},"excerpt":{"rendered":"<p>[vc_row][vc_column][vc_column_text]INTRODUCCI\u00d3 En aquest av\u00eds legal trobar\u00e0s els termes i condicions legals que defineixen les relacions entre els usuaris (d&#8217;ara endavant, \u201cl&#8217;Usuari\u201d) i el responsable del Lloc Web. Com a Usuari, \u00e9s important que conegueu aquestes condicions generals d&#8217;\u00fas abans de continuar la vostra navegaci\u00f3. IDENTITAT I TITULARITAT DEL LLOC WEB Identitat del Responsable: Eric Onidi [&hellip;]<\/p>\n","protected":false},"author":3,"featured_media":0,"parent":0,"menu_order":0,"comment_status":"closed","ping_status":"open","template":"","meta":{"_joinchat":[],"footnotes":""},"class_list":["post-8537","page","type-page","status-publish","hentry"],"yoast_head":"<!-- This site is optimized with the Yoast SEO plugin v27.3 - https:\/\/yoast.com\/product\/yoast-seo-wordpress\/ -->\n<title>Av\u00eds legal d&#039;EMD<\/title>\n<meta name=\"description\" content=\"Av\u00eds legal d&#039;EMD - Estrat\u00e8gia de M\u00e0rqueting Digital - Consultoria i formaci\u00f3\" \/>\n<meta name=\"robots\" content=\"index, follow, max-snippet:-1, max-image-preview:large, max-video-preview:-1\" \/>\n<link rel=\"canonical\" href=\"https:\/\/estrategiamarketing.digital\/ca\/avis-legal\/\" \/>\n<meta property=\"og:locale\" content=\"ca_ES\" \/>\n<meta property=\"og:type\" content=\"article\" \/>\n<meta property=\"og:title\" content=\"Av\u00eds legal d&#039;EMD\" \/>\n<meta property=\"og:description\" content=\"Av\u00eds legal d&#039;EMD - Estrat\u00e8gia de M\u00e0rqueting Digital - Consultoria i formaci\u00f3\" \/>\n<meta property=\"og:url\" content=\"https:\/\/estrategiamarketing.digital\/ca\/avis-legal\/\" \/>\n<meta property=\"og:site_name\" content=\"EMD - Estrategia de Marketing Digital\" \/>\n<meta property=\"article:modified_time\" content=\"2026-01-23T11:59:25+00:00\" \/>\n<meta name=\"twitter:card\" content=\"summary_large_image\" \/>\n<meta name=\"twitter:label1\" content=\"Temps estimat de lectura\" \/>\n\t<meta name=\"twitter:data1\" content=\"7 minuts\" \/>\n<script type=\"application\/ld+json\" class=\"yoast-schema-graph\">{\"@context\":\"https:\\\/\\\/schema.org\",\"@graph\":[{\"@type\":\"WebPage\",\"@id\":\"https:\\\/\\\/estrategiamarketing.digital\\\/ca\\\/avis-legal\\\/\",\"url\":\"https:\\\/\\\/estrategiamarketing.digital\\\/ca\\\/avis-legal\\\/\",\"name\":\"Av\u00eds legal d'EMD\",\"isPartOf\":{\"@id\":\"https:\\\/\\\/estrategiamarketing.digital\\\/ca\\\/#website\"},\"datePublished\":\"2020-05-14T14:54:25+00:00\",\"dateModified\":\"2026-01-23T11:59:25+00:00\",\"description\":\"Av\u00eds legal d'EMD - Estrat\u00e8gia de M\u00e0rqueting Digital - Consultoria i formaci\u00f3\",\"breadcrumb\":{\"@id\":\"https:\\\/\\\/estrategiamarketing.digital\\\/ca\\\/avis-legal\\\/#breadcrumb\"},\"inLanguage\":\"ca\",\"potentialAction\":[{\"@type\":\"ReadAction\",\"target\":[\"https:\\\/\\\/estrategiamarketing.digital\\\/ca\\\/avis-legal\\\/\"]}]},{\"@type\":\"BreadcrumbList\",\"@id\":\"https:\\\/\\\/estrategiamarketing.digital\\\/ca\\\/avis-legal\\\/#breadcrumb\",\"itemListElement\":[{\"@type\":\"ListItem\",\"position\":1,\"name\":\"Portada\",\"item\":\"https:\\\/\\\/estrategiamarketing.digital\\\/ca\\\/inici\\\/\"},{\"@type\":\"ListItem\",\"position\":2,\"name\":\"Av\u00eds Legal\"}]},{\"@type\":\"WebSite\",\"@id\":\"https:\\\/\\\/estrategiamarketing.digital\\\/ca\\\/#website\",\"url\":\"https:\\\/\\\/estrategiamarketing.digital\\\/ca\\\/\",\"name\":\"EMD - Estrategia de Marketing Digital\",\"description\":\"Agencia - consultoria en marketing digital\",\"publisher\":{\"@id\":\"https:\\\/\\\/estrategiamarketing.digital\\\/ca\\\/#organization\"},\"alternateName\":\"EMD\",\"potentialAction\":[{\"@type\":\"SearchAction\",\"target\":{\"@type\":\"EntryPoint\",\"urlTemplate\":\"https:\\\/\\\/estrategiamarketing.digital\\\/ca\\\/?s={search_term_string}\"},\"query-input\":{\"@type\":\"PropertyValueSpecification\",\"valueRequired\":true,\"valueName\":\"search_term_string\"}}],\"inLanguage\":\"ca\"},{\"@type\":\"Organization\",\"@id\":\"https:\\\/\\\/estrategiamarketing.digital\\\/ca\\\/#organization\",\"name\":\"EMD\",\"url\":\"https:\\\/\\\/estrategiamarketing.digital\\\/ca\\\/\",\"logo\":{\"@type\":\"ImageObject\",\"inLanguage\":\"ca\",\"@id\":\"https:\\\/\\\/estrategiamarketing.digital\\\/ca\\\/#\\\/schema\\\/logo\\\/image\\\/\",\"url\":\"https:\\\/\\\/estrategiamarketing.digital\\\/wp-content\\\/uploads\\\/2020\\\/08\\\/isologo-EMD-circulo.png\",\"contentUrl\":\"https:\\\/\\\/estrategiamarketing.digital\\\/wp-content\\\/uploads\\\/2020\\\/08\\\/isologo-EMD-circulo.png\",\"width\":600,\"height\":600,\"caption\":\"EMD\"},\"image\":{\"@id\":\"https:\\\/\\\/estrategiamarketing.digital\\\/ca\\\/#\\\/schema\\\/logo\\\/image\\\/\"},\"sameAs\":[\"https:\\\/\\\/www.instagram.com\\\/emd_marketing_\\\/\",\"https:\\\/\\\/www.linkedin.com\\\/company\\\/emd-estrategia-de-marketing-digital\\\/\",\"https:\\\/\\\/www.youtube.com\\\/channel\\\/UC97GH4Y2URvuVyWYqSMkxWA\"]}]}<\/script>\n<!-- \/ Yoast SEO plugin. -->","yoast_head_json":{"title":"Av\u00eds legal d'EMD","description":"Av\u00eds legal d'EMD - Estrat\u00e8gia de M\u00e0rqueting Digital - Consultoria i formaci\u00f3","robots":{"index":"index","follow":"follow","max-snippet":"max-snippet:-1","max-image-preview":"max-image-preview:large","max-video-preview":"max-video-preview:-1"},"canonical":"https:\/\/estrategiamarketing.digital\/ca\/avis-legal\/","og_locale":"ca_ES","og_type":"article","og_title":"Av\u00eds legal d'EMD","og_description":"Av\u00eds legal d'EMD - Estrat\u00e8gia de M\u00e0rqueting Digital - Consultoria i formaci\u00f3","og_url":"https:\/\/estrategiamarketing.digital\/ca\/avis-legal\/","og_site_name":"EMD - Estrategia de Marketing Digital","article_modified_time":"2026-01-23T11:59:25+00:00","twitter_card":"summary_large_image","twitter_misc":{"Temps estimat de lectura":"7 minuts"},"schema":{"@context":"https:\/\/schema.org","@graph":[{"@type":"WebPage","@id":"https:\/\/estrategiamarketing.digital\/ca\/avis-legal\/","url":"https:\/\/estrategiamarketing.digital\/ca\/avis-legal\/","name":"Av\u00eds legal d'EMD","isPartOf":{"@id":"https:\/\/estrategiamarketing.digital\/ca\/#website"},"datePublished":"2020-05-14T14:54:25+00:00","dateModified":"2026-01-23T11:59:25+00:00","description":"Av\u00eds legal d'EMD - Estrat\u00e8gia de M\u00e0rqueting Digital - Consultoria i formaci\u00f3","breadcrumb":{"@id":"https:\/\/estrategiamarketing.digital\/ca\/avis-legal\/#breadcrumb"},"inLanguage":"ca","potentialAction":[{"@type":"ReadAction","target":["https:\/\/estrategiamarketing.digital\/ca\/avis-legal\/"]}]},{"@type":"BreadcrumbList","@id":"https:\/\/estrategiamarketing.digital\/ca\/avis-legal\/#breadcrumb","itemListElement":[{"@type":"ListItem","position":1,"name":"Portada","item":"https:\/\/estrategiamarketing.digital\/ca\/inici\/"},{"@type":"ListItem","position":2,"name":"Av\u00eds Legal"}]},{"@type":"WebSite","@id":"https:\/\/estrategiamarketing.digital\/ca\/#website","url":"https:\/\/estrategiamarketing.digital\/ca\/","name":"EMD - Estrategia de Marketing Digital","description":"Agencia - consultoria en marketing digital","publisher":{"@id":"https:\/\/estrategiamarketing.digital\/ca\/#organization"},"alternateName":"EMD","potentialAction":[{"@type":"SearchAction","target":{"@type":"EntryPoint","urlTemplate":"https:\/\/estrategiamarketing.digital\/ca\/?s={search_term_string}"},"query-input":{"@type":"PropertyValueSpecification","valueRequired":true,"valueName":"search_term_string"}}],"inLanguage":"ca"},{"@type":"Organization","@id":"https:\/\/estrategiamarketing.digital\/ca\/#organization","name":"EMD","url":"https:\/\/estrategiamarketing.digital\/ca\/","logo":{"@type":"ImageObject","inLanguage":"ca","@id":"https:\/\/estrategiamarketing.digital\/ca\/#\/schema\/logo\/image\/","url":"https:\/\/estrategiamarketing.digital\/wp-content\/uploads\/2020\/08\/isologo-EMD-circulo.png","contentUrl":"https:\/\/estrategiamarketing.digital\/wp-content\/uploads\/2020\/08\/isologo-EMD-circulo.png","width":600,"height":600,"caption":"EMD"},"image":{"@id":"https:\/\/estrategiamarketing.digital\/ca\/#\/schema\/logo\/image\/"},"sameAs":["https:\/\/www.instagram.com\/emd_marketing_\/","https:\/\/www.linkedin.com\/company\/emd-estrategia-de-marketing-digital\/","https:\/\/www.youtube.com\/channel\/UC97GH4Y2URvuVyWYqSMkxWA"]}]}},"_links":{"self":[{"href":"https:\/\/estrategiamarketing.digital\/ca\/wp-json\/wp\/v2\/pages\/8537","targetHints":{"allow":["GET"]}}],"collection":[{"href":"https:\/\/estrategiamarketing.digital\/ca\/wp-json\/wp\/v2\/pages"}],"about":[{"href":"https:\/\/estrategiamarketing.digital\/ca\/wp-json\/wp\/v2\/types\/page"}],"author":[{"embeddable":true,"href":"https:\/\/estrategiamarketing.digital\/ca\/wp-json\/wp\/v2\/users\/3"}],"replies":[{"embeddable":true,"href":"https:\/\/estrategiamarketing.digital\/ca\/wp-json\/wp\/v2\/comments?post=8537"}],"version-history":[{"count":3,"href":"https:\/\/estrategiamarketing.digital\/ca\/wp-json\/wp\/v2\/pages\/8537\/revisions"}],"predecessor-version":[{"id":9147,"href":"https:\/\/estrategiamarketing.digital\/ca\/wp-json\/wp\/v2\/pages\/8537\/revisions\/9147"}],"wp:attachment":[{"href":"https:\/\/estrategiamarketing.digital\/ca\/wp-json\/wp\/v2\/media?parent=8537"}],"curies":[{"name":"wp","href":"https:\/\/api.w.org\/{rel}","templated":true}]}}