{"id":8815,"date":"2025-06-23T17:56:40","date_gmt":"2025-06-23T15:56:40","guid":{"rendered":"https:\/\/estrategiamarketing.digital\/?page_id=8815"},"modified":"2025-07-02T10:34:12","modified_gmt":"2025-07-02T08:34:12","slug":"cookiebot","status":"publish","type":"page","link":"https:\/\/estrategiamarketing.digital\/ca\/cookiebot\/","title":{"rendered":"Gestiona el consentiment de cookies de manera f\u00e0cil i professional"},"content":{"rendered":"<div class=\"wpb-content-wrapper\"><p>[vc_row height_ratio=\"100&#8243; padding_top_multiplier=\"6x\" padding_bottom_multiplier=\"6x\" rc_heading_color=\"light\" rc_bg_type=\"image\" rc_bg_image=\"8825&#8243; rc_bg_position=\"center-top\" rc_bg_pattern_overlay=\"yes\" rc_bg_color_overlay=\"primary-1&#8243; rc_bg_opacity_overlay=\"60&#8243; tablet_sm_height_ratio=\"70&#8243; mobile_height_ratio=\"100&#8243; rc_font_color=\"#ffffff\" rc_bg_color=\"#000000&#8243;][vc_column vertical_content_position=\"middle\" text_align=\"center\"]<h2 class=\"eut-element eut-title eut-align-inherit eut-appear-down eut-duration-normal eut-appear-animation eut-h1 eut-increase-heading eut-heading-140\" style=\"\" data-delay=\"0\"><span><strong>Gestiona el consentiment de cookies de manera f\u00e0cil i professional<\/strong><\/span><\/h2>[vc_column_text text_style=\"leader-text\" animation=\"eut-fade-in\" animation_delay=\"400&#8243;]Evita riscos legals i protegeix el rendiment de la teva estrat\u00e8gia digital amb una soluci\u00f3 <strong>clara, legal<\/strong> i <strong>personalitzada<\/strong> .[\/vc_column_text][\/vc_column][\/vc_row][vc_row columns_gap=\"60&#8243;][vc_column]<div class=\"eut-empty-space eut-height-1x\" style=\"\"><\/div>[vc_row_inner columns_gap=\"60&#8243;][vc_column_inner width=\"1\/2&#8243;]<div class=\"eut-empty-space eut-height-1x\" style=\"\"><\/div>[vc_column_text text_style=\"leader-text\"]La <strong>gesti\u00f3 del consentiment de galetes<\/strong> ja no \u00e9s nom\u00e9s una q\u00fcesti\u00f3 legal: \u00e9s una <strong>pe\u00e7a clau<\/strong> en qualsevol estrat\u00e8gia digital.<\/p>\n<p>Des del 2024, Google exigeix \u200b\u200bque totes les webs que facin servir els seus serveis (com Google Ads, Analytics o Tag Manager) estiguin adaptades al <strong data-start=\"583\" data-end=\"602\">Consent Mode v2<\/strong> .<\/p>\n<p><br data-start=\"603\" data-end=\"606\">Aix\u00f2 vol dir que si la teva web no est\u00e0 correctament configurada, <strong>deixar\u00e0s de mesurar conversions,<\/strong> <strong>perdr\u00e0s dades valuoses<\/strong> i <strong>podries estar incomplint normatives<\/strong> com el RGPD o l&#8217;ePrivacy.[\/vc_column_text][\/vc_column_inner][vc_column_inner width=\"1\/2&#8243;]<div class=\"eut-empty-space eut-height-1x\" style=\"\"><\/div>[vc_column_text text_style=\"leader-text\" animation=\"eut-fade-in-up\" animation_delay=\"800&#8243; animation_duration=\"slow\"]<strong data-start=\"797\" data-end=\"835\">A EMD | Estrat\u00e8gia Marketing Digital<\/strong> fa mesos que treballem amb aquesta nova exig\u00e8ncia i som <strong data-start=\"895\" data-end=\"990\">partner certificat de Cookiebot\u2122, la plataforma de refer\u00e8ncia en gesti\u00f3 de consentiment<\/strong> .<\/p>\n<p>T&#8217;ajudem a resoldre-ho tot de manera senzilla, efectiva i personalitzada.<\/p>\n<p><img decoding=\"async\" class=\"aligncenter wp-image-8833 size-medium\" src=\"https:\/\/estrategiamarketing.digital\/wp-content\/uploads\/2025\/06\/Partner-Badges-Certified-300x178.png\" alt=\"Partner Badges-Certified\" width=\"300\" height=\"178\" srcset=\"https:\/\/estrategiamarketing.digital\/wp-content\/uploads\/2025\/06\/Partner-Badges-Certified-300x178.png 300w, https:\/\/estrategiamarketing.digital\/wp-content\/uploads\/2025\/06\/Partner-Badges-Certified.png 600w\" sizes=\"(max-width: 300px) 100vw, 300px\" \/>[\/vc_column_text][\/vc_column_inner][\/vc_row_inner][vc_row_inner][vc_column_inner][vc_column_text animation=\"eut-fade-in-left\"]<\/p>\n<h3 data-start=\"794\" data-end=\"1066\">Qu\u00e8 implica exactament el Consent Mode v2?<\/h3>\n<p data-start=\"1123\" data-end=\"1332\">Fins fa poc, si un usuari no acceptava les galetes, es perdia tota possibilitat de rastreig. Aix\u00f2 afectava les teves campanyes, l&#8217;atribuci\u00f3 de resultats i fins i tot l&#8217;optimitzaci\u00f3 d&#8217;inversi\u00f3 publicit\u00e0ria. <\/p>\n<p data-start=\"1334\" data-end=\"1634\">Amb el Consent Mode v2 de Google, ara \u00e9s possible seguir recollint informaci\u00f3 (de manera agregada i respectuosa) fins i tot quan l&#8217;usuari no d\u00f3na el consentiment expl\u00edcit. Per\u00f2 perqu\u00e8 aix\u00f2 funcioni, cal implementar una plataforma certificada com a Cookiebot\u2122 i configurar-lo correctament. <\/p>\n<h3 data-start=\"1334\" data-end=\"1634\"><\/h3>\n<h3 data-start=\"1334\" data-end=\"1634\">I qu\u00e8 fa Cookiebot\u2122?<\/h3>\n<p data-start=\"1682\" data-end=\"1817\">Cookiebot\u2122 s&#8217;encarrega de mostrar un banner de consentiment completament personalitzable, clar i legal. Permet que l&#8217;usuari pugui: <\/p>\n<ul data-start=\"1819\" data-end=\"2003\">\n<li data-start=\"1819\" data-end=\"1880\">\n<p data-start=\"1821\" data-end=\"1880\">Acceptar o rebutjar galetes no essencials amb un sol clic<\/p>\n<\/li>\n<li data-start=\"1881\" data-end=\"1941\">\n<p data-start=\"1883\" data-end=\"1941\">Accedir a un centre de prefer\u00e8ncies en qualsevol moment<\/p>\n<\/li>\n<li data-start=\"1942\" data-end=\"2003\">\n<p data-start=\"1944\" data-end=\"2003\">Saber quines cookies es fan servir i per a qu\u00e8, de forma transparent<\/p>\n<\/li>\n<\/ul>\n<p data-start=\"2005\" data-end=\"2150\">Tot aix\u00f2 s&#8217;adapta autom\u00e0ticament a l&#8217;idioma de l&#8217;usuari, a la legislaci\u00f3 del vostre pa\u00eds, i es mant\u00e9 actualitzat d&#8217;acord amb els canvis legals.<\/p>\n<p>[\/vc_column_text][vc_column_text][\/vc_column_text][\/vc_column_inner][\/vc_row_inner][vc_row_inner rc_bg_type=\"color\" columns_gap=\"none\" rc_bg_color=\"#f7f8fb\"][vc_column_inner][vc_column_text animation=\"eut-fade-in-up\"]<\/p>\n<h3 data-start=\"2005\" data-end=\"2150\">El que fem a EMD<\/h3>\n<p>No ens limitem a instal\u00b7lar un connector. A EMD ens encarreguem de tot el proc\u00e9s: <\/p>\n<p>\u2705 Auditoria de compliment actual de la teva web<br data-start=\"2618\" data-end=\"2621\"> \u2705 Implementaci\u00f3 completa del sistema de consentiment<br data-start=\"2676\" data-end=\"2679\"> \u2705 Configuraci\u00f3 t\u00e8cnica de Google Consent Mode v2 (GTM, GA4, Ads\u2026)<br data-start=\"2747\" data-end=\"2750\"> \u2705 Disseny personalitzat del banner de cookies<br data-start=\"2794\" data-end=\"2797\"> \u2705 Declaraci\u00f3 de cookies actualitzable en temps real<\/p>\n<p><br data-start=\"2849\" data-end=\"2852\">A m\u00e9s, com <strong data-start=\"2581\" data-end=\"2603\">a partner acreditat<\/strong> , pots comptar amb la nostra experi\u00e8ncia i formaci\u00f3 directa amb l&#8217;eina.[\/vc_column_text][\/vc_column_inner][\/vc_row_inner][\/vc_column][\/vc_row][vc_row padding_top_multiplier=\"2x\" padding_bottom_multiplier=\"2x\"][vc_column width=\"1\/2&#8243;]<div class=\"eut-empty-space\" style=\"height: 50px;\"><\/div>[vc_column_text]<\/p>\n<h3 data-start=\"2689\" data-end=\"2719\">Aquest \u00e9s el nostre comprom\u00eds<\/h3>\n<p data-start=\"2721\" data-end=\"2962\">Sabem que de vegades els temes legals es converteixen en un maldecap\u2026 per aix\u00f2 ho fem f\u00e0cil. El nostre objectiu \u00e9s que puguis centrar-te en el teu negoci, mentre nosaltres ens ocupem que la teva web compleixi amb tot i segueixi sent rendible. <\/p>\n<p data-start=\"2721\" data-end=\"2962\">\ud83d\udcc4 <em data-start=\"2967\" data-end=\"3039\">Aqu\u00ed podr\u00e0s veure el nostre certificat com a partner oficial de Cookiebot\u2122<\/em><\/p>\n<p>[\/vc_column_text]<div class=\"eut-empty-space eut-height-2x\" style=\"\"><\/div>[\/vc_column][vc_column width=\"1\/2&#8243; mobile_width=\"1-2&#8243;][vc_column_text text_style=\"leader-text\"][\/vc_column_text]<div class=\"eut-element eut-image eut-animated-item eut-duration-slow eut-fade-in eut-align-center\" style=\"\" data-delay=\"200\"><div class=\"eut-image-wrapper eut-popup-item\" style=\"max-width:2560px;\"><div class=\"eut-thumbnail-wrapper\"  style=\"max-width: 2560px;\"><div class=\"eut-thumbnail\"  style=\"padding-top: 72.734%;\"><img decoding=\"async\" width=\"2560\" height=\"1862\" src=\"https:\/\/estrategiamarketing.digital\/wp-content\/uploads\/2025\/06\/CB-Partner-Certificates-1_pages-to-jpg-0001-scaled.jpg\" class=\"attachment-full size-full\" alt=\"CB Partner Certificates (1)_pages-to-jpg-0001\" data-eutf-filter=\"yes\" srcset=\"https:\/\/estrategiamarketing.digital\/wp-content\/uploads\/2025\/06\/CB-Partner-Certificates-1_pages-to-jpg-0001-scaled.jpg 2560w, https:\/\/estrategiamarketing.digital\/wp-content\/uploads\/2025\/06\/CB-Partner-Certificates-1_pages-to-jpg-0001-300x218.jpg 300w, https:\/\/estrategiamarketing.digital\/wp-content\/uploads\/2025\/06\/CB-Partner-Certificates-1_pages-to-jpg-0001-1024x745.jpg 1024w, https:\/\/estrategiamarketing.digital\/wp-content\/uploads\/2025\/06\/CB-Partner-Certificates-1_pages-to-jpg-0001-768x559.jpg 768w, https:\/\/estrategiamarketing.digital\/wp-content\/uploads\/2025\/06\/CB-Partner-Certificates-1_pages-to-jpg-0001-1536x1117.jpg 1536w, https:\/\/estrategiamarketing.digital\/wp-content\/uploads\/2025\/06\/CB-Partner-Certificates-1_pages-to-jpg-0001-1920x1397.jpg 1920w\" sizes=\"(max-width: 2560px) 100vw, 2560px\" \/><\/div><\/div>  <\/div><\/div>[\/vc_column][\/vc_row]<\/p>\n<\/div>","protected":false},"excerpt":{"rendered":"<p>[vc_row height_ratio=\"100&#8243; padding_top_multiplier=\"6x\" padding_bottom_multiplier=\"6x\" rc_heading_color=\"light\" rc_bg_type=\"image\" rc_bg_image=\"8825&#8243; rc_bg_position=\"center-top\" rc_bg_pattern_overlay=\"yes\" rc_bg_color_overlay=\"primary-1&#8243; rc_bg_opacity_overlay=\"60&#8243; tablet_sm_height_ratio=\"70&#8243; mobile_height_ratio=\"100&#8243; rc_font_color=\"#ffffff\" rc_bg_color=\"#000000&#8243;][vc_column vertical_content_position=\"middle\" text_align=\"center\"][vc_column_text text_style=\"leader-text\" animation=\"eut-fade-in\" animation_delay=\"400&#8243;]Evita riscos legals i protegeix el rendiment de la teva estrat\u00e8gia digital amb una soluci\u00f3 clara, legal i personalitzada .[\/vc_column_text][\/vc_column][\/vc_row][vc_row columns_gap=\"60&#8243;][vc_column][vc_row_inner columns_gap=\"60&#8243;][vc_column_inner width=\"1\/2&#8243;][vc_column_text text_style=\"leader-text\"]La gesti\u00f3 del consentiment de galetes ja no \u00e9s nom\u00e9s una q\u00fcesti\u00f3 legal: [&hellip;]<\/p>\n","protected":false},"author":13,"featured_media":0,"parent":0,"menu_order":0,"comment_status":"closed","ping_status":"closed","template":"","meta":{"_joinchat":[],"footnotes":""},"class_list":["post-8815","page","type-page","status-publish","hentry"],"yoast_head":"<!-- This site is optimized with the Yoast SEO plugin v27.3 - https:\/\/yoast.com\/product\/yoast-seo-wordpress\/ -->\n<title>Cupons ACCI\u00d3 International eTrade<\/title>\n<meta name=\"description\" content=\"El programa \u201cInternational eTrade\u201d est\u00e0 destinat a la promoci\u00f3 internacional de les empreses en canals digitals.\" \/>\n<meta name=\"robots\" content=\"index, follow, max-snippet:-1, max-image-preview:large, max-video-preview:-1\" \/>\n<link rel=\"canonical\" href=\"https:\/\/estrategiamarketing.digital\/ca\/cookiebot\/\" \/>\n<meta property=\"og:locale\" content=\"ca_ES\" \/>\n<meta property=\"og:type\" content=\"article\" \/>\n<meta property=\"og:title\" content=\"Cupons ACCI\u00d3 International eTrade\" \/>\n<meta property=\"og:description\" content=\"El programa \u201cInternational eTrade\u201d est\u00e0 destinat a la promoci\u00f3 internacional de les empreses en canals digitals.\" \/>\n<meta property=\"og:url\" content=\"https:\/\/estrategiamarketing.digital\/ca\/cookiebot\/\" \/>\n<meta property=\"og:site_name\" content=\"EMD - Estrategia de Marketing Digital\" \/>\n<meta property=\"article:modified_time\" content=\"2025-07-02T08:34:12+00:00\" \/>\n<meta property=\"og:image\" content=\"https:\/\/estrategiamarketing.digital\/wp-content\/uploads\/2025\/06\/Partner-Badges-Certified.png\" \/>\n\t<meta property=\"og:image:width\" content=\"600\" \/>\n\t<meta property=\"og:image:height\" content=\"356\" \/>\n\t<meta property=\"og:image:type\" content=\"image\/png\" \/>\n<meta name=\"twitter:card\" content=\"summary_large_image\" \/>\n<meta name=\"twitter:label1\" content=\"Temps estimat de lectura\" \/>\n\t<meta name=\"twitter:data1\" content=\"4 minuts\" \/>\n<script type=\"application\/ld+json\" class=\"yoast-schema-graph\">{\"@context\":\"https:\\\/\\\/schema.org\",\"@graph\":[{\"@type\":\"WebPage\",\"@id\":\"https:\\\/\\\/estrategiamarketing.digital\\\/ca\\\/cookiebot\\\/\",\"url\":\"https:\\\/\\\/estrategiamarketing.digital\\\/ca\\\/cookiebot\\\/\",\"name\":\"Cupons ACCI\u00d3 International eTrade\",\"isPartOf\":{\"@id\":\"https:\\\/\\\/estrategiamarketing.digital\\\/ca\\\/#website\"},\"primaryImageOfPage\":{\"@id\":\"https:\\\/\\\/estrategiamarketing.digital\\\/ca\\\/cookiebot\\\/#primaryimage\"},\"image\":{\"@id\":\"https:\\\/\\\/estrategiamarketing.digital\\\/ca\\\/cookiebot\\\/#primaryimage\"},\"thumbnailUrl\":\"https:\\\/\\\/estrategiamarketing.digital\\\/wp-content\\\/uploads\\\/2025\\\/06\\\/Partner-Badges-Certified-300x178.png\",\"datePublished\":\"2025-06-23T15:56:40+00:00\",\"dateModified\":\"2025-07-02T08:34:12+00:00\",\"description\":\"El programa \u201cInternational eTrade\u201d est\u00e0 destinat a la promoci\u00f3 internacional de les empreses en canals digitals.\",\"breadcrumb\":{\"@id\":\"https:\\\/\\\/estrategiamarketing.digital\\\/ca\\\/cookiebot\\\/#breadcrumb\"},\"inLanguage\":\"ca\",\"potentialAction\":[{\"@type\":\"ReadAction\",\"target\":[\"https:\\\/\\\/estrategiamarketing.digital\\\/ca\\\/cookiebot\\\/\"]}]},{\"@type\":\"ImageObject\",\"inLanguage\":\"ca\",\"@id\":\"https:\\\/\\\/estrategiamarketing.digital\\\/ca\\\/cookiebot\\\/#primaryimage\",\"url\":\"https:\\\/\\\/estrategiamarketing.digital\\\/wp-content\\\/uploads\\\/2025\\\/06\\\/Partner-Badges-Certified-300x178.png\",\"contentUrl\":\"https:\\\/\\\/estrategiamarketing.digital\\\/wp-content\\\/uploads\\\/2025\\\/06\\\/Partner-Badges-Certified-300x178.png\"},{\"@type\":\"BreadcrumbList\",\"@id\":\"https:\\\/\\\/estrategiamarketing.digital\\\/ca\\\/cookiebot\\\/#breadcrumb\",\"itemListElement\":[{\"@type\":\"ListItem\",\"position\":1,\"name\":\"Portada\",\"item\":\"https:\\\/\\\/estrategiamarketing.digital\\\/ca\\\/inici\\\/\"},{\"@type\":\"ListItem\",\"position\":2,\"name\":\"Gestiona el consentiment de cookies de manera f\u00e0cil i professional\"}]},{\"@type\":\"WebSite\",\"@id\":\"https:\\\/\\\/estrategiamarketing.digital\\\/ca\\\/#website\",\"url\":\"https:\\\/\\\/estrategiamarketing.digital\\\/ca\\\/\",\"name\":\"EMD - Estrategia de Marketing Digital\",\"description\":\"Agencia - consultoria en marketing digital\",\"publisher\":{\"@id\":\"https:\\\/\\\/estrategiamarketing.digital\\\/ca\\\/#organization\"},\"alternateName\":\"EMD\",\"potentialAction\":[{\"@type\":\"SearchAction\",\"target\":{\"@type\":\"EntryPoint\",\"urlTemplate\":\"https:\\\/\\\/estrategiamarketing.digital\\\/ca\\\/?s={search_term_string}\"},\"query-input\":{\"@type\":\"PropertyValueSpecification\",\"valueRequired\":true,\"valueName\":\"search_term_string\"}}],\"inLanguage\":\"ca\"},{\"@type\":\"Organization\",\"@id\":\"https:\\\/\\\/estrategiamarketing.digital\\\/ca\\\/#organization\",\"name\":\"EMD\",\"url\":\"https:\\\/\\\/estrategiamarketing.digital\\\/ca\\\/\",\"logo\":{\"@type\":\"ImageObject\",\"inLanguage\":\"ca\",\"@id\":\"https:\\\/\\\/estrategiamarketing.digital\\\/ca\\\/#\\\/schema\\\/logo\\\/image\\\/\",\"url\":\"https:\\\/\\\/estrategiamarketing.digital\\\/wp-content\\\/uploads\\\/2020\\\/08\\\/isologo-EMD-circulo.png\",\"contentUrl\":\"https:\\\/\\\/estrategiamarketing.digital\\\/wp-content\\\/uploads\\\/2020\\\/08\\\/isologo-EMD-circulo.png\",\"width\":600,\"height\":600,\"caption\":\"EMD\"},\"image\":{\"@id\":\"https:\\\/\\\/estrategiamarketing.digital\\\/ca\\\/#\\\/schema\\\/logo\\\/image\\\/\"},\"sameAs\":[\"https:\\\/\\\/www.instagram.com\\\/emd_marketing_\\\/\",\"https:\\\/\\\/www.linkedin.com\\\/company\\\/emd-estrategia-de-marketing-digital\\\/\",\"https:\\\/\\\/www.youtube.com\\\/channel\\\/UC97GH4Y2URvuVyWYqSMkxWA\"]}]}<\/script>\n<!-- \/ Yoast SEO plugin. -->","yoast_head_json":{"title":"Cupons ACCI\u00d3 International eTrade","description":"El programa \u201cInternational eTrade\u201d est\u00e0 destinat a la promoci\u00f3 internacional de les empreses en canals digitals.","robots":{"index":"index","follow":"follow","max-snippet":"max-snippet:-1","max-image-preview":"max-image-preview:large","max-video-preview":"max-video-preview:-1"},"canonical":"https:\/\/estrategiamarketing.digital\/ca\/cookiebot\/","og_locale":"ca_ES","og_type":"article","og_title":"Cupons ACCI\u00d3 International eTrade","og_description":"El programa \u201cInternational eTrade\u201d est\u00e0 destinat a la promoci\u00f3 internacional de les empreses en canals digitals.","og_url":"https:\/\/estrategiamarketing.digital\/ca\/cookiebot\/","og_site_name":"EMD - Estrategia de Marketing Digital","article_modified_time":"2025-07-02T08:34:12+00:00","og_image":[{"width":600,"height":356,"url":"https:\/\/estrategiamarketing.digital\/wp-content\/uploads\/2025\/06\/Partner-Badges-Certified.png","type":"image\/png"}],"twitter_card":"summary_large_image","twitter_misc":{"Temps estimat de lectura":"4 minuts"},"schema":{"@context":"https:\/\/schema.org","@graph":[{"@type":"WebPage","@id":"https:\/\/estrategiamarketing.digital\/ca\/cookiebot\/","url":"https:\/\/estrategiamarketing.digital\/ca\/cookiebot\/","name":"Cupons ACCI\u00d3 International eTrade","isPartOf":{"@id":"https:\/\/estrategiamarketing.digital\/ca\/#website"},"primaryImageOfPage":{"@id":"https:\/\/estrategiamarketing.digital\/ca\/cookiebot\/#primaryimage"},"image":{"@id":"https:\/\/estrategiamarketing.digital\/ca\/cookiebot\/#primaryimage"},"thumbnailUrl":"https:\/\/estrategiamarketing.digital\/wp-content\/uploads\/2025\/06\/Partner-Badges-Certified-300x178.png","datePublished":"2025-06-23T15:56:40+00:00","dateModified":"2025-07-02T08:34:12+00:00","description":"El programa \u201cInternational eTrade\u201d est\u00e0 destinat a la promoci\u00f3 internacional de les empreses en canals digitals.","breadcrumb":{"@id":"https:\/\/estrategiamarketing.digital\/ca\/cookiebot\/#breadcrumb"},"inLanguage":"ca","potentialAction":[{"@type":"ReadAction","target":["https:\/\/estrategiamarketing.digital\/ca\/cookiebot\/"]}]},{"@type":"ImageObject","inLanguage":"ca","@id":"https:\/\/estrategiamarketing.digital\/ca\/cookiebot\/#primaryimage","url":"https:\/\/estrategiamarketing.digital\/wp-content\/uploads\/2025\/06\/Partner-Badges-Certified-300x178.png","contentUrl":"https:\/\/estrategiamarketing.digital\/wp-content\/uploads\/2025\/06\/Partner-Badges-Certified-300x178.png"},{"@type":"BreadcrumbList","@id":"https:\/\/estrategiamarketing.digital\/ca\/cookiebot\/#breadcrumb","itemListElement":[{"@type":"ListItem","position":1,"name":"Portada","item":"https:\/\/estrategiamarketing.digital\/ca\/inici\/"},{"@type":"ListItem","position":2,"name":"Gestiona el consentiment de cookies de manera f\u00e0cil i professional"}]},{"@type":"WebSite","@id":"https:\/\/estrategiamarketing.digital\/ca\/#website","url":"https:\/\/estrategiamarketing.digital\/ca\/","name":"EMD - Estrategia de Marketing Digital","description":"Agencia - consultoria en marketing digital","publisher":{"@id":"https:\/\/estrategiamarketing.digital\/ca\/#organization"},"alternateName":"EMD","potentialAction":[{"@type":"SearchAction","target":{"@type":"EntryPoint","urlTemplate":"https:\/\/estrategiamarketing.digital\/ca\/?s={search_term_string}"},"query-input":{"@type":"PropertyValueSpecification","valueRequired":true,"valueName":"search_term_string"}}],"inLanguage":"ca"},{"@type":"Organization","@id":"https:\/\/estrategiamarketing.digital\/ca\/#organization","name":"EMD","url":"https:\/\/estrategiamarketing.digital\/ca\/","logo":{"@type":"ImageObject","inLanguage":"ca","@id":"https:\/\/estrategiamarketing.digital\/ca\/#\/schema\/logo\/image\/","url":"https:\/\/estrategiamarketing.digital\/wp-content\/uploads\/2020\/08\/isologo-EMD-circulo.png","contentUrl":"https:\/\/estrategiamarketing.digital\/wp-content\/uploads\/2020\/08\/isologo-EMD-circulo.png","width":600,"height":600,"caption":"EMD"},"image":{"@id":"https:\/\/estrategiamarketing.digital\/ca\/#\/schema\/logo\/image\/"},"sameAs":["https:\/\/www.instagram.com\/emd_marketing_\/","https:\/\/www.linkedin.com\/company\/emd-estrategia-de-marketing-digital\/","https:\/\/www.youtube.com\/channel\/UC97GH4Y2URvuVyWYqSMkxWA"]}]}},"_links":{"self":[{"href":"https:\/\/estrategiamarketing.digital\/ca\/wp-json\/wp\/v2\/pages\/8815","targetHints":{"allow":["GET"]}}],"collection":[{"href":"https:\/\/estrategiamarketing.digital\/ca\/wp-json\/wp\/v2\/pages"}],"about":[{"href":"https:\/\/estrategiamarketing.digital\/ca\/wp-json\/wp\/v2\/types\/page"}],"author":[{"embeddable":true,"href":"https:\/\/estrategiamarketing.digital\/ca\/wp-json\/wp\/v2\/users\/13"}],"replies":[{"embeddable":true,"href":"https:\/\/estrategiamarketing.digital\/ca\/wp-json\/wp\/v2\/comments?post=8815"}],"version-history":[{"count":4,"href":"https:\/\/estrategiamarketing.digital\/ca\/wp-json\/wp\/v2\/pages\/8815\/revisions"}],"predecessor-version":[{"id":8854,"href":"https:\/\/estrategiamarketing.digital\/ca\/wp-json\/wp\/v2\/pages\/8815\/revisions\/8854"}],"wp:attachment":[{"href":"https:\/\/estrategiamarketing.digital\/ca\/wp-json\/wp\/v2\/media?parent=8815"}],"curies":[{"name":"wp","href":"https:\/\/api.w.org\/{rel}","templated":true}]}}